{"id":121,"date":"2017-07-10T13:00:11","date_gmt":"2017-07-10T11:00:11","guid":{"rendered":"http:\/\/adamczyk.info\/?page_id=121"},"modified":"2018-01-02T22:16:43","modified_gmt":"2018-01-02T21:16:43","slug":"co-ciagnie-mnie-do-broni","status":"publish","type":"page","link":"https:\/\/adamczyk.info\/?page_id=121&lang=pl","title":{"rendered":"Co ci\u0105gnie mnie do broni"},"content":{"rendered":"<p>Wiele os\u00f3b zadaje mi pytanie sk\u0105d poci\u0105g do broni. U mnie to mieszanka wielu powod\u00f3w, oto podstawowe z nich:<\/p>\n<p>ROZW\u00d3J OSOBISTY<\/p>\n<ul>\n<li>czuj\u0119 potrzeb\u0119 posiadania jakiego\u015b <strong>hobby<\/strong>, a strzelectwo u mnie zast\u0105pi\u0142o poniek\u0105d czynn\u0105 astronomi\u0119 obserwacyjn\u0105<\/li>\n<li>realizacja w\u0142asnych <strong>indywidualnych potrzeb spo\u0142ecznych<\/strong> (nowe znajomo\u015bci, mo\u017cliwo\u015b\u0107 spotykania si\u0119, temat do rozm\u00f3w)<\/li>\n<li><strong>poznawanie konstrukcji<\/strong> broni, jako wynalazku cywilizacji zachodniej i jej ewolucja (satysfakcja z posiadanej wiedzy)<\/li>\n<li>pozwala mi zdoby\u0107 <strong>wiedz\u0119 i umiej\u0119tno\u015bci<\/strong>, kt\u00f3re same przez si\u0119 rozszerzaj\u0105 potencja\u0142 dzia\u0142ania<\/li>\n<li>\u0107wicz\u0105c strzelanie <strong>polepszam sprawno\u015b\u0107<\/strong> mojego cia\u0142a i umys\u0142u zw\u0142aszcza w zakresie koordynacji wzrokowo-ruchowej<\/li>\n<\/ul>\n<p>POSIADANIE POZWOLENIA NA BRO\u0143<\/p>\n<ul>\n<li>mo\u017cliwo\u015b\u0107 <strong>zastosowania \u015bcie\u017cki ju\u017c przetartej<\/strong> przez dw\u00f3ch koleg\u00f3w z pracy (u\u0142atwienie ubiegania si\u0119)<\/li>\n<li>poczucie pewnej <strong>ekskluzywno\u015bci<\/strong>\u00a0w wyniku posiadania pozwolenia na bro\u0144 (nale\u017c\u0119 do kr\u0119gu, kt\u00f3rzy mog\u0105 wi\u0119cej)<\/li>\n<li>wsp\u00f3\u0142zawodnictwo sportowe<\/li>\n<li>&#8230;<\/li>\n<\/ul>\n<p>WOLNO\u015a\u0106<\/p>\n<ul>\n<li>wyra\u017cenie spo\u0142ecznie\u00a0<strong>potrzeby<\/strong>\u00a0<strong>wolno\u015bci<\/strong> r\u00f3wnie\u017c w zakresie posiadania broni i mo\u017cliwo\u015bci\u00a0jej u\u017cycia<\/li>\n<li>przyczynianie si\u0119 do <strong>zmiany \u015bwiadomo\u015bci spo\u0142ecznej<\/strong> (wi\u0119kszo\u015b\u0107 spo\u0142ecze\u0144stwa nie u\u015bwiadamia sobie potrzeby posiadania broni)<\/li>\n<li><strong>popularyzowanie strzelectwa<\/strong> jako aktywnego sposobu sp\u0119dzania wolnego czasu<\/li>\n<li>&#8230;<\/li>\n<\/ul>\n<p>OBRONA<\/p>\n<ul>\n<li>bro\u0144 jak sama nazwa wskazuje s\u0142u\u017cy do obrony,\u00a0lepiej <strong>mie\u0107 kolejne narz\u0119dzie obrony<\/strong> i zna\u0107 je ni\u017c go nie posiada\u0107<\/li>\n<li>wyrobienie w sobie pewnego poprawnego\u00a0<strong>instynktu dzia\u0142ania<\/strong> w sytuacjach zagro\u017cenia<\/li>\n<li>pok\u0142adam nadziej\u0119 (do zweryfikowania p\u00f3\u017aniej) aby podbudowa\u0107 <strong>aspekt w\u0142asnej m\u0119sko\u015bci<\/strong>, a w tym: opieku\u0144czo\u015bci, poczywania si\u0119 do obrony s\u0142abszych i odwagi dzia\u0142ania<\/li>\n<\/ul>\n","protected":false},"excerpt":{"rendered":"<p>Wiele os\u00f3b zadaje mi pytanie sk\u0105d poci\u0105g do broni. U mnie to mieszanka wielu powod\u00f3w, oto podstawowe z nich: ROZW\u00d3J OSOBISTY czuj\u0119 potrzeb\u0119 posiadania jakiego\u015b hobby, a strzelectwo u mnie zast\u0105pi\u0142o poniek\u0105d czynn\u0105 astronomi\u0119 obserwacyjn\u0105 realizacja w\u0142asnych indywidualnych potrzeb spo\u0142ecznych (nowe znajomo\u015bci, mo\u017cliwo\u015b\u0107 spotykania si\u0119, temat do rozm\u00f3w) poznawanie konstrukcji broni, jako wynalazku cywilizacji zachodniej [&hellip;]<\/p>\n","protected":false},"author":1,"featured_media":0,"parent":156,"menu_order":0,"comment_status":"closed","ping_status":"closed","template":"","meta":[],"aioseo_notices":[],"jetpack_sharing_enabled":true,"_links":{"self":[{"href":"https:\/\/adamczyk.info\/index.php?rest_route=\/wp\/v2\/pages\/121"}],"collection":[{"href":"https:\/\/adamczyk.info\/index.php?rest_route=\/wp\/v2\/pages"}],"about":[{"href":"https:\/\/adamczyk.info\/index.php?rest_route=\/wp\/v2\/types\/page"}],"author":[{"embeddable":true,"href":"https:\/\/adamczyk.info\/index.php?rest_route=\/wp\/v2\/users\/1"}],"replies":[{"embeddable":true,"href":"https:\/\/adamczyk.info\/index.php?rest_route=%2Fwp%2Fv2%2Fcomments&post=121"}],"version-history":[{"count":3,"href":"https:\/\/adamczyk.info\/index.php?rest_route=\/wp\/v2\/pages\/121\/revisions"}],"predecessor-version":[{"id":125,"href":"https:\/\/adamczyk.info\/index.php?rest_route=\/wp\/v2\/pages\/121\/revisions\/125"}],"up":[{"embeddable":true,"href":"https:\/\/adamczyk.info\/index.php?rest_route=\/wp\/v2\/pages\/156"}],"wp:attachment":[{"href":"https:\/\/adamczyk.info\/index.php?rest_route=%2Fwp%2Fv2%2Fmedia&parent=121"}],"curies":[{"name":"wp","href":"https:\/\/api.w.org\/{rel}","templated":true}]}}