{"id":129,"date":"2018-01-02T21:44:04","date_gmt":"2018-01-02T20:44:04","guid":{"rendered":"http:\/\/adamczyk.info\/?page_id=129"},"modified":"2018-01-02T22:18:37","modified_gmt":"2018-01-02T21:18:37","slug":"za-i-przeciw","status":"publish","type":"page","link":"https:\/\/adamczyk.info\/?page_id=129&lang=pl","title":{"rendered":"ZA i PRZECIW"},"content":{"rendered":"<p><span style=\"text-decoration: underline;\"><strong>Jestem ZA:<\/strong><\/span><\/p>\n<ul>\n<li><strong>obni\u017ceniem podatk\u00f3w<\/strong> &#8211; podatki powinny zaspokaja\u0107 minimum potrzeb zredukowanego pa\u0144stwa; powinny by\u0107 pobierane raczej za elementy zwi\u0119kszaj\u0105ce koszt funkcjonowania pa\u0144stwa: np. fakt bycia obywatelem korzystaj\u0105cym z us\u0142ug danego pa\u0144stwa (pog\u0142owne), posiadanie maj\u0105tku o okre\u015blonej rozleg\u0142o\u015bci i warto\u015bci (kominowe, kataster) itp., a nie za podejmowane dzia\u0142alno\u015b\u0107 (w szczeg\u00f3lno\u015bci gospodarczej); wyklucza to podatki dochodowe (PIT), przychodowe, zakupowe (VAT), od dzia\u0142alno\u015bci charytatywnej itp.<\/li>\n<li><strong>now\u0105 konstytucj\u0105<\/strong> &#8211; kr\u00f3tkim dokumentem napisanym potocznym j\u0119zykiem (nie prawniczym) chroni\u0105cym obywateli przed: (1) nadmiernym\u00a0 rozrostem pa\u0144stwa, (2) nadmiern\u0105 ingerencj\u0105 pa\u0144stwa w sprawy obywateli<\/li>\n<li><strong>rozszerzeniem vacatio legis<\/strong> dla wszelkich ustaw, tak aby okres przed wej\u015bciem w \u017cycie\u00a0 wykracza\u0142 poza kadencj\u0119 pos\u0142\u00f3w g\u0142osuj\u0105cych nad nimi (poza wyj\u0105tkami potwierdzonymi na drodze referendum)<\/li>\n<li><strong>wprowadzeniem e-waluty<\/strong> narodowej (lub \u015bwiatowej), w kt\u00f3rej transakcje s\u0105 maksymalnie tajne, a ilo\u015b\u0107 waluty jest regulowana automatycznie przez przyj\u0119ty algorytm (nie mo\u017cna &#8222;r\u0119cznie&#8221; danej waluty doda\u0107 ani uj\u0105\u0107)<\/li>\n<li><strong>wolnym rynkiem<\/strong>, w kt\u00f3ry nikt, a w szczeg\u00f3lno\u015bci pa\u0144stwo nie ingeruje; sterowanym jedynie si\u0142ami popytu i poda\u017cy<\/li>\n<li><strong>ochron\u0105 prawn\u0105 \u017cycia ludzkiego<\/strong> od pocz\u0119cia do naturalnej \u015bmierci<\/li>\n<\/ul>\n<p><span style=\"text-decoration: underline;\"><strong>Jestem PRZECIW:<\/strong><\/span><\/p>\n<ul>\n<li><strong>etatyzmowi<\/strong> &#8211; pa\u0144stwo to firma powo\u0142ana przez spo\u0142ecze\u0144stwo dla zaspokojenia pewnych potrzeb spo\u0142ecznych; spo\u0142ecze\u0144stwo p\u0142aci pa\u0144stwu za te us\u0142ugi (obecnie najcz\u0119\u015bciej w postaci podatk\u00f3w); pa\u0144stwo podejmuje decyzje z mniejsz\u0105 sprawno\u015bci\u0105 ni\u017c firmy prywatne i konkretni ludzie, bo: (1) trudniej mu okre\u015bli\u0107 potrzeby klient\u00f3w (spo\u0142ecze\u0144stwa), (2) kieruje si\u0119 s\u0142abym rygorem ekonomicznym (brak mechanizm\u00f3w ograniczaj\u0105cych bud\u017cet wydatkowy). Z powy\u017cszego wynika, \u017ce zakres dzia\u0142alno\u015bci pa\u0144stwa powinien by\u0107 maksymalnie ograniczony najlepiej do funkcji zapewnienia bezpiecze\u0144stwa ludziom, w dodatku tego aspektu bezpiecze\u0144stwa, kt\u00f3rego z jakich\u015b wzgl\u0119d\u00f3w obywatele nie s\u0105 w stanie zapewni\u0107 sami sobie np. bezpiecze\u0144stwo narodowe.<\/li>\n<li><strong>dopuszczalno\u015bci zaci\u0105gania d\u0142ug\u00f3w<\/strong> przez pa\u0144stwo i samorz\u0105dy terytorialne<\/li>\n<\/ul>\n<p>&nbsp;<\/p>\n","protected":false},"excerpt":{"rendered":"<p>Jestem ZA: obni\u017ceniem podatk\u00f3w &#8211; podatki powinny zaspokaja\u0107 minimum potrzeb zredukowanego pa\u0144stwa; powinny by\u0107 pobierane raczej za elementy zwi\u0119kszaj\u0105ce koszt funkcjonowania pa\u0144stwa: np. fakt bycia obywatelem korzystaj\u0105cym z us\u0142ug danego pa\u0144stwa (pog\u0142owne), posiadanie maj\u0105tku o okre\u015blonej rozleg\u0142o\u015bci i warto\u015bci (kominowe, kataster) itp., a nie za podejmowane dzia\u0142alno\u015b\u0107 (w szczeg\u00f3lno\u015bci gospodarczej); wyklucza to podatki dochodowe (PIT), [&hellip;]<\/p>\n","protected":false},"author":1,"featured_media":0,"parent":158,"menu_order":0,"comment_status":"closed","ping_status":"closed","template":"","meta":[],"aioseo_notices":[],"jetpack_sharing_enabled":true,"_links":{"self":[{"href":"https:\/\/adamczyk.info\/index.php?rest_route=\/wp\/v2\/pages\/129"}],"collection":[{"href":"https:\/\/adamczyk.info\/index.php?rest_route=\/wp\/v2\/pages"}],"about":[{"href":"https:\/\/adamczyk.info\/index.php?rest_route=\/wp\/v2\/types\/page"}],"author":[{"embeddable":true,"href":"https:\/\/adamczyk.info\/index.php?rest_route=\/wp\/v2\/users\/1"}],"replies":[{"embeddable":true,"href":"https:\/\/adamczyk.info\/index.php?rest_route=%2Fwp%2Fv2%2Fcomments&post=129"}],"version-history":[{"count":10,"href":"https:\/\/adamczyk.info\/index.php?rest_route=\/wp\/v2\/pages\/129\/revisions"}],"predecessor-version":[{"id":141,"href":"https:\/\/adamczyk.info\/index.php?rest_route=\/wp\/v2\/pages\/129\/revisions\/141"}],"up":[{"embeddable":true,"href":"https:\/\/adamczyk.info\/index.php?rest_route=\/wp\/v2\/pages\/158"}],"wp:attachment":[{"href":"https:\/\/adamczyk.info\/index.php?rest_route=%2Fwp%2Fv2%2Fmedia&parent=129"}],"curies":[{"name":"wp","href":"https:\/\/api.w.org\/{rel}","templated":true}]}}