{"id":142,"date":"2018-01-02T22:12:08","date_gmt":"2018-01-02T21:12:08","guid":{"rendered":"http:\/\/adamczyk.info\/?page_id=142"},"modified":"2021-01-15T15:42:06","modified_gmt":"2021-01-15T14:42:06","slug":"andrzej","status":"publish","type":"page","link":"https:\/\/adamczyk.info\/?page_id=142&lang=pl","title":{"rendered":"Andrzej"},"content":{"rendered":"\n<p><img decoding=\"async\" loading=\"lazy\" width=\"1168\" height=\"1772\" class=\"wp-image-346\" style=\"width: 150px;\" src=\"http:\/\/adamczyk.info\/wp-content\/uploads\/2021\/01\/Andrzej-Adamczyk.jpg\" alt=\"\" srcset=\"https:\/\/adamczyk.info\/wp-content\/uploads\/2021\/01\/Andrzej-Adamczyk.jpg 1168w, https:\/\/adamczyk.info\/wp-content\/uploads\/2021\/01\/Andrzej-Adamczyk-198x300.jpg 198w, https:\/\/adamczyk.info\/wp-content\/uploads\/2021\/01\/Andrzej-Adamczyk-675x1024.jpg 675w, https:\/\/adamczyk.info\/wp-content\/uploads\/2021\/01\/Andrzej-Adamczyk-768x1165.jpg 768w, https:\/\/adamczyk.info\/wp-content\/uploads\/2021\/01\/Andrzej-Adamczyk-1012x1536.jpg 1012w\" sizes=\"(max-width: 1168px) 100vw, 1168px\" \/> <\/p>\n\n\n\n<p>Andrzej to ja. Podzieli\u0142em wszystkie aspekty mojego \u017cycia na 3 sfery: <\/p>\n\n\n<ul>\n<li><strong>Dom:<\/strong> rodzina, maj\u0105tek, zdrowie<\/li>\n<li><strong>Praca:<\/strong> zaw\u00f3d, inwestycje, utrzymanie, &#8230;<\/li>\n<li><strong>Czas wolny:<\/strong>&nbsp;hobby, zainteresowania, wiara, filozofia, \u015bwiatopogl\u0105d, &#8230;&nbsp;<\/li>\n<\/ul>\n\n\n<p><\/p>\n","protected":false},"excerpt":{"rendered":"<p>Andrzej to ja. Podzieli\u0142em wszystkie aspekty mojego \u017cycia na 3 sfery: Dom: rodzina, maj\u0105tek, zdrowie Praca: zaw\u00f3d, inwestycje, utrzymanie, &#8230; Czas wolny:&nbsp;hobby, zainteresowania, wiara, filozofia, \u015bwiatopogl\u0105d, &#8230;&nbsp;<\/p>\n","protected":false},"author":1,"featured_media":0,"parent":0,"menu_order":0,"comment_status":"closed","ping_status":"closed","template":"","meta":[],"aioseo_notices":[],"jetpack_sharing_enabled":true,"_links":{"self":[{"href":"https:\/\/adamczyk.info\/index.php?rest_route=\/wp\/v2\/pages\/142"}],"collection":[{"href":"https:\/\/adamczyk.info\/index.php?rest_route=\/wp\/v2\/pages"}],"about":[{"href":"https:\/\/adamczyk.info\/index.php?rest_route=\/wp\/v2\/types\/page"}],"author":[{"embeddable":true,"href":"https:\/\/adamczyk.info\/index.php?rest_route=\/wp\/v2\/users\/1"}],"replies":[{"embeddable":true,"href":"https:\/\/adamczyk.info\/index.php?rest_route=%2Fwp%2Fv2%2Fcomments&post=142"}],"version-history":[{"count":6,"href":"https:\/\/adamczyk.info\/index.php?rest_route=\/wp\/v2\/pages\/142\/revisions"}],"predecessor-version":[{"id":348,"href":"https:\/\/adamczyk.info\/index.php?rest_route=\/wp\/v2\/pages\/142\/revisions\/348"}],"wp:attachment":[{"href":"https:\/\/adamczyk.info\/index.php?rest_route=%2Fwp%2Fv2%2Fmedia&parent=142"}],"curies":[{"name":"wp","href":"https:\/\/api.w.org\/{rel}","templated":true}]}}