{"id":38,"date":"2017-05-16T13:03:33","date_gmt":"2017-05-16T11:03:33","guid":{"rendered":"http:\/\/adamczyk.info\/?page_id=38"},"modified":"2021-01-14T12:04:31","modified_gmt":"2021-01-14T11:04:31","slug":"polecane-kanaly-you-tube","status":"publish","type":"page","link":"https:\/\/adamczyk.info\/?page_id=38&lang=pl","title":{"rendered":"Polecane kana\u0142y You Tube"},"content":{"rendered":"<table style=\"colspan: 2pt;\" border=\"0\" width=\"100%\">\n<tbody>\n<tr>\n<td colspan=\"2\" align=\"center\">\n<h2><b>WIARA W BOGA<\/b><\/h2>\n<\/td>\n<\/tr>\n<tr>\n<td><a href=\"https:\/\/www.youtube.com\/channel\/UCme4ZOv65uzGADXuvtHkSvA\"><img decoding=\"async\" class=\"alignnone wp-image-39\" src=\"http:\/\/adamczyk.info\/wp-content\/uploads\/2017\/05\/Adam-Szustak-300x221.png\" alt=\"\" height=\"200\" srcset=\"https:\/\/adamczyk.info\/wp-content\/uploads\/2017\/05\/Adam-Szustak-300x221.png 300w, https:\/\/adamczyk.info\/wp-content\/uploads\/2017\/05\/Adam-Szustak-768x565.png 768w, https:\/\/adamczyk.info\/wp-content\/uploads\/2017\/05\/Adam-Szustak.png 924w\" sizes=\"(max-width: 300px) 100vw, 300px\" \/><\/a><\/td>\n<td style=\"text-align: left; vertical-align: top;\"><b>Langusta na palmie<\/b><br \/>\n<em>o. Adam Szustak<\/em>Dominikanin. Niesamowicie p\u0142odny kaznodzieja youtubowy. Obecnie podr\u00f3\u017cuj\u0105cy dooko\u0142a \u015awiata. O poszukiwaniu Boga. Pogl\u0105dy bardziej kosmopolityczne ni\u017c patriotyczne.&nbsp;W temacie zbawienia optymista.<\/td>\n<\/tr>\n<tr>\n<td><a href=\"https:\/\/www.youtube.com\/user\/BogTubePl\/featured\"><img decoding=\"async\" loading=\"lazy\" class=\"alignnone size-medium wp-image-46\" src=\"http:\/\/adamczyk.info\/wp-content\/uploads\/2017\/05\/Piotr-Pawlukiewicz-300x266.png\" alt=\"\" width=\"300\" height=\"200\"><\/a><\/td>\n<td style=\"text-align: left; vertical-align: top;\"><b>AKS Soli Deo<\/b><br \/>\n<em>x. Piotr Pawlukiewicz<\/em>Praktyczny przewodnik Katolika. O tym czym jest serce? Tematy mi\u0142o\u015bci ma\u0142\u017ce\u0144skiej. 1000 przyk\u0142ad\u00f3w z \u017cycia. Kazania niedzielne w ko\u015bciele p.w. \u015bw. Anny w Warszawie. W temacie zbawienia optymista. Niestety od 2020 r. nie \u017cyj\u0105cy.<\/td>\n<\/tr>\n<tr>\n<td><a href=\"https:\/\/www.youtube.com\/channel\/UCtYCn-CIcrFuQ_guzYmM2zQ\"><img decoding=\"async\" class=\"alignnone wp-image-41\" src=\"http:\/\/adamczyk.info\/wp-content\/uploads\/2017\/05\/Miko\u0142aj-Kapusta-300x245.png\" alt=\"\" height=\"200\" srcset=\"https:\/\/adamczyk.info\/wp-content\/uploads\/2017\/05\/Miko\u0142aj-Kapusta-300x245.png 300w, https:\/\/adamczyk.info\/wp-content\/uploads\/2017\/05\/Miko\u0142aj-Kapusta-768x628.png 768w, https:\/\/adamczyk.info\/wp-content\/uploads\/2017\/05\/Miko\u0142aj-Kapusta.png 830w\" sizes=\"(max-width: 300px) 100vw, 300px\" \/><\/a><\/td>\n<td style=\"text-align: left; vertical-align: top;\"><b>Dobra Nowina<\/b><br \/>\n<em>Miko\u0142aj Kapusta<\/em>Ko\u0144czy studia teologiczne. Katecheta internetowy.&nbsp;Opiera si\u0119 bardzo na Pi\u015bmie \u015awi\u0119tym. Napadowy \u015bmiech \ud83d\ude09 W temacie zbawienia &#8211; realista.<\/td>\n<\/tr>\n<tr>\n<td><a href=\"https:\/\/www.youtube.com\/channel\/UCXJF26qxY54YbR47hiLva9w\"><img decoding=\"async\" class=\"alignnone wp-image-42\" src=\"http:\/\/adamczyk.info\/wp-content\/uploads\/2017\/05\/Roman-Kneblewski-300x232.png\" alt=\"\" height=\"200\" srcset=\"https:\/\/adamczyk.info\/wp-content\/uploads\/2017\/05\/Roman-Kneblewski-300x232.png 300w, https:\/\/adamczyk.info\/wp-content\/uploads\/2017\/05\/Roman-Kneblewski-768x594.png 768w, https:\/\/adamczyk.info\/wp-content\/uploads\/2017\/05\/Roman-Kneblewski.png 878w\" sizes=\"(max-width: 300px) 100vw, 300px\" \/><\/a><\/td>\n<td style=\"text-align: left; vertical-align: top;\"><b>Tuba Cordis<\/b><br \/>\n<em>ks. pra\u0142. Roman Kneblewski<\/em>Konserwatywny ksi\u0105dz z Bydgoszczy. Prowadzi kana\u0142 Tuba Cordis. Wielki patriota. Zakochany w tradycji Ko\u015bcio\u0142a i Sarmacji.&nbsp;Obala mity post\u0119pactwa.&nbsp;W temacie zbawienia pow\u015bci\u0105gliwy.<\/td>\n<\/tr>\n<tr>\n<td><a href=\"https:\/\/www.youtube.com\/channel\/UChryO1qmMXSeMtMBQbUTb4w\/featured\" data-wplink-edit=\"true\"><img decoding=\"async\" loading=\"lazy\" class=\"aligncenter\" src=\"https:\/\/wsensie.pl\/images\/Deus_Vult.jpeg\" alt=\"\" width=\"39\" height=\"54\"><\/a><\/td>\n<td style=\"text-align: left; vertical-align: top;\"><b>Deus Vult<\/b><br \/>\n<em>ks. Micha\u0142 Chaci\u0144ski<\/em>&#8222;Deus Vult&#8221; (B\u00f3g tak chce) &#8211; pod tym zawo\u0142aniem i pod sztandarem krzy\u017ca przez wieki gromadzili si\u0119 m\u0119\u017cczy\u017ani i obro\u0144cy Europy. &#8222;Deus Vult&#8221; to cykl kaza\u0144 ks. Micha\u0142a Chaci\u0144skiego przeplatany Ewangeli\u0105 na dany dzie\u0144.<\/td>\n<\/tr>\n<tr>\n<td colspan=\"2\" align=\"center\">\n<h2><b>\u015aWIATOPOGL\u0104D, RUCHY SPO\u0141ECZNE I POLITYCZNE<\/b><\/h2>\n<\/td>\n<\/tr>\n<tr>\n<td><a href=\"https:\/\/www.youtube.com\/channel\/UCS4z6l-M4JtrNlD033rJ09w\"><img decoding=\"async\" loading=\"lazy\" class=\"alignnone size-medium wp-image-65\" src=\"http:\/\/adamczyk.info\/wp-content\/uploads\/2017\/05\/Grzegorz-Braun-300x229.png\" alt=\"\" width=\"300\" height=\"229\" srcset=\"https:\/\/adamczyk.info\/wp-content\/uploads\/2017\/05\/Grzegorz-Braun-300x229.png 300w, https:\/\/adamczyk.info\/wp-content\/uploads\/2017\/05\/Grzegorz-Braun-768x586.png 768w, https:\/\/adamczyk.info\/wp-content\/uploads\/2017\/05\/Grzegorz-Braun.png 893w\" sizes=\"(max-width: 300px) 100vw, 300px\" \/><\/a><\/td>\n<td style=\"text2-align: left; vertical-align: top;\"><b>Pobudka<\/b><br \/>\n<em>Grzegorz Braun<\/em>Re\u017cyser film\u00f3w dokumentalnych. Pierwszy polityk nie boj\u0105cy si\u0119 m\u00f3wi\u0107 o Bogu. Patriota i tradycjonalista. Zwolennik restytucji monarchii. Za\u0142o\u017cy\u0142 ruch spo\u0142eczny pod nazw\u0105 &#8222;Pobudka&#8221;. Program: ko\u015bci\u00f3\u0142, szko\u0142a, strzelnica, mennica.<\/td>\n<\/tr>\n<tr>\n<td><a href=\"https:\/\/www.youtube.com\/channel\/UCN4mm7HcfpjgVYQUeqRkCuQ\"><img decoding=\"async\" loading=\"lazy\" class=\"alignnone size-medium wp-image-69\" src=\"http:\/\/adamczyk.info\/wp-content\/uploads\/2017\/05\/Max-Kolonko-300x278.png\" alt=\"\" width=\"300\" height=\"278\" srcset=\"https:\/\/adamczyk.info\/wp-content\/uploads\/2017\/05\/Max-Kolonko-300x278.png 300w, https:\/\/adamczyk.info\/wp-content\/uploads\/2017\/05\/Max-Kolonko.png 717w\" sizes=\"(max-width: 300px) 100vw, 300px\" \/><\/a><\/td>\n<td style=\"text2-align: left; vertical-align: top;\"><b>Max Kolonko &#8211; MaxTV<\/b><br \/>\n<em>Max Kolonko<\/em>Redaktor wiadomo\u015bci z zakresu geopolityki. Relacjonuje wydarzenia ze Stan\u00f3w Zjednoczonych. Doskona\u0142y komentator sytuacji politycznych. Popiera dzia\u0142ania prezydenta Donalda Trumpa.<\/td>\n<\/tr>\n<tr>\n<td><a href=\"https:\/\/www.youtube.com\/channel\/UCvW7hUNLBktdkSrdJv8KBnw\"><img decoding=\"async\" loading=\"lazy\" class=\"alignnone size-medium wp-image-71\" src=\"http:\/\/adamczyk.info\/wp-content\/uploads\/2017\/05\/Janusz-Korwin-Mikke-300x268.png\" alt=\"\" width=\"300\" height=\"268\" srcset=\"https:\/\/adamczyk.info\/wp-content\/uploads\/2017\/05\/Janusz-Korwin-Mikke-300x268.png 300w, https:\/\/adamczyk.info\/wp-content\/uploads\/2017\/05\/Janusz-Korwin-Mikke.png 763w\" sizes=\"(max-width: 300px) 100vw, 300px\" \/><\/a><\/td>\n<td style=\"text2-align: left; vertical-align: top;\"><b>Partia KORWiN<\/b><br \/>\n<em>Janusz Korwin-Mikke<\/em>Niezmordowany &#8222;bojownik&#8221; o wolno\u015b\u0107. Lider partii politycznych, za\u0142o\u017cyciel &#8222;Najwy\u017cszego Czasu&#8221;. Znany z bezpo\u015bredniego j\u0119zyka. Bardzo inteligentny. Mistrz szachowi i bryd\u017cowy. Zwolennik kary \u015bmierci i monarchii.<\/td>\n<\/tr>\n<tr>\n<td><a href=\"https:\/\/www.youtube.com\/channel\/UCwGPMSS59XTFYf984VSKXfw\"><img decoding=\"async\" loading=\"lazy\" class=\"alignnone size-medium wp-image-87\" src=\"http:\/\/adamczyk.info\/wp-content\/uploads\/2017\/05\/Bogus\u0142aw-Wolniewicz-300x287.png\" alt=\"\" width=\"300\" height=\"287\" srcset=\"https:\/\/adamczyk.info\/wp-content\/uploads\/2017\/05\/Bogus\u0142aw-Wolniewicz-300x287.png 300w, https:\/\/adamczyk.info\/wp-content\/uploads\/2017\/05\/Bogus\u0142aw-Wolniewicz.png 709w\" sizes=\"(max-width: 300px) 100vw, 300px\" \/><\/a><\/td>\n<td style=\"text2-align: left; vertical-align: top;\"><b>g\u0142os racjonalny<\/b><br \/>\n<em>prof. Bogus\u0142aw Wolniewicz<\/em>Filozof. Zwolennik marksizmu. Niemniej bardzo trze\u017awo i racjonalnie opisuj\u0105cy wsp\u00f3\u0142czesny \u015bwiat. Gorliwy zwolennik demokracji i kultury \u015bwiata zachodniego. Sam niewierz\u0105cy. Szanuje Ko\u015bci\u00f3\u0142 Katolicki i popiera radio Maryja. Dowodzi wy\u017cszo\u015bci racjonalizmu nad sensualizmem, kt\u00f3ry obecnie rz\u0105dzi \u015bwiatem. Od 2017 r. nie \u017cyj\u0105cy.<\/td>\n<\/tr>\n<tr>\n<td><a href=\"https:\/\/www.youtube.com\/channel\/UCgo2BrI5xkXduYvYv6lskkg\"><img decoding=\"async\" loading=\"lazy\" class=\"alignnone size-medium wp-image-73\" src=\"http:\/\/adamczyk.info\/wp-content\/uploads\/2017\/05\/Wojciech-Cejrowski-300x269.png\" alt=\"\" width=\"300\" height=\"269\" srcset=\"https:\/\/adamczyk.info\/wp-content\/uploads\/2017\/05\/Wojciech-Cejrowski-300x269.png 300w, https:\/\/adamczyk.info\/wp-content\/uploads\/2017\/05\/Wojciech-Cejrowski.png 756w\" sizes=\"(max-width: 300px) 100vw, 300px\" \/><\/a><\/td>\n<td style=\"text2-align: left; vertical-align: top;\"><b>Wojciech Cejrowski<\/b><br \/>\n<em>Wojciech Cejrowski<\/em>Podr\u00f3\u017cnik. Etnograf. Odwa\u017cny komentator polityki i \u017cycia. Atakuje skutecznie post\u0119pactwo. Katolik i tradycjonalista. M\u00f3wi prostym i dosadnym j\u0119zykiem. Mieszka w Polsce i w Arizonie, gdzie ma swoje ranczo. Zwolennik wolno\u015bci i swobodnego dost\u0119pu do broni.<\/td>\n<\/tr>\n<tr>\n<td colspan=\"2\" align=\"center\">\n<h2><b>HOBBY I NAUKA<\/b><\/h2>\n<\/td>\n<\/tr>\n<tr>\n<td><a href=\"https:\/\/www.youtube.com\/channel\/UCIUYdIIld_2bsymqWDCdOFQ\"><img decoding=\"async\" loading=\"lazy\" class=\"alignnone size-medium wp-image-77\" src=\"http:\/\/adamczyk.info\/wp-content\/uploads\/2017\/05\/Piotr-Kosek-300x283.png\" alt=\"\" width=\"300\" height=\"283\" srcset=\"https:\/\/adamczyk.info\/wp-content\/uploads\/2017\/05\/Piotr-Kosek-300x283.png 300w, https:\/\/adamczyk.info\/wp-content\/uploads\/2017\/05\/Piotr-Kosek.png 718w\" sizes=\"(max-width: 300px) 100vw, 300px\" \/><\/a><\/td>\n<td style=\"text2-align: left; vertical-align: top;\"><b>Astrofaza<\/b><br \/>\n<em>Piotr Kosek<\/em>Zawodowo fotograf, co wida\u0107 w wysokiej estetyce film\u00f3w. Prowadzi bardzo ciekawy kana\u0142 o astronomii i astronautyce. Zbiera te\u017c newsy i ciekawostki. Realizuje coraz bardziej profesjonalne nagrania, kt\u00f3rych nie powstydzi\u0142aby si\u0119 telewizja. Doskonale prowadzi programy na \u017cywo z aktywnym udzia\u0142em widz\u00f3w na czacie. Popularyzuje polskie inicjatywy astronautyczne (cho\u0107 na moje listy nie odpowiedzia\u0142).<\/td>\n<\/tr>\n<tr>\n<td><a href=\"https:\/\/www.youtube.com\/channel\/UC_7PqixGIdE-jjoHKMPYpGA\"><img decoding=\"async\" loading=\"lazy\" class=\"alignnone size-medium wp-image-76\" src=\"http:\/\/adamczyk.info\/wp-content\/uploads\/2017\/05\/Daniel-My\u015bliwiec-300x260.png\" alt=\"\" width=\"300\" height=\"260\" srcset=\"https:\/\/adamczyk.info\/wp-content\/uploads\/2017\/05\/Daniel-My\u015bliwiec-300x260.png 300w, https:\/\/adamczyk.info\/wp-content\/uploads\/2017\/05\/Daniel-My\u015bliwiec.png 733w\" sizes=\"(max-width: 300px) 100vw, 300px\" \/><\/a><\/td>\n<td style=\"text2-align: left; vertical-align: top;\"><b>Uwaga Naukowy Be\u0142kot<\/b><br \/>\n<em>Daniel My\u015bliwiec<\/em>Bardzo rzetelnie naukowo zrobione filmy na r\u00f3\u017cne tematy. Specjalizuje si\u0119 w chemii i biologii, cho\u0107 nie stroni od temat\u00f3w z innych dziedzin. Troszk\u0119 daje si\u0119 zauwa\u017cy\u0107 reprezentowanie postawy osoby niewierz\u0105cej o pogl\u0105dach liberalnych, zastraszonej te\u017c polityczn\u0105 poprawno\u015bci\u0105. Ale prezentowany materia\u0142 &#8211; pierwsza klasa.<\/td>\n<\/tr>\n<tr>\n<td><a href=\"https:\/\/www.youtube.com\/channel\/UCWTA5Yd0rAkQt5-9etIFoBA\"><img decoding=\"async\" loading=\"lazy\" class=\"alignnone size-medium wp-image-81\" src=\"http:\/\/adamczyk.info\/wp-content\/uploads\/2017\/05\/scifun-300x252.png\" alt=\"\" width=\"300\" height=\"252\" srcset=\"https:\/\/adamczyk.info\/wp-content\/uploads\/2017\/05\/scifun-300x252.png 300w, https:\/\/adamczyk.info\/wp-content\/uploads\/2017\/05\/scifun-768x644.png 768w, https:\/\/adamczyk.info\/wp-content\/uploads\/2017\/05\/scifun.png 813w\" sizes=\"(max-width: 300px) 100vw, 300px\" \/><\/a><\/td>\n<td style=\"text2-align: left; vertical-align: top;\"><b>SciFun<\/b><br \/>\n<em>????<\/em>Jeden z braci bli\u017aniak\u00f3w z naszego Poznania (jego brat to AdBuster). Robi filmy wyja\u015bniaj\u0105ce praktyczne zagadnienia z otaczaj\u0105cego nas \u015bwiata. Filmy te charakteryzuj\u0105 si\u0119 ciekaw\u0105 i dynamiczn\u0105 form\u0105.<\/td>\n<\/tr>\n<tr>\n<td><a href=\"https:\/\/www.youtube.com\/channel\/UCACZeXd1lxlDYT3XE-GxWBQ\"><img decoding=\"async\" loading=\"lazy\" class=\"alignnone size-medium wp-image-84\" src=\"http:\/\/adamczyk.info\/wp-content\/uploads\/2017\/05\/brzydki-burak-300x300.png\" alt=\"\" width=\"300\" height=\"300\" srcset=\"https:\/\/adamczyk.info\/wp-content\/uploads\/2017\/05\/brzydki-burak-300x300.png 300w, https:\/\/adamczyk.info\/wp-content\/uploads\/2017\/05\/brzydki-burak-150x150.png 150w, https:\/\/adamczyk.info\/wp-content\/uploads\/2017\/05\/brzydki-burak.png 499w\" sizes=\"(max-width: 300px) 100vw, 300px\" \/><\/a><\/td>\n<td style=\"text2-align: left; vertical-align: top;\"><b>BrzydkiBurak<\/b><br \/>\n<em>?????<\/em>Go\u015b\u0107 pokazuj\u0105cy frajd\u0119 ze strzelania. Ukrywa twarz (i by\u0107 mo\u017ce g\u0142os). Zapala wielu nowych adept\u00f3w strzelectwa, co jest z po\u017cytkiem dla tej dziedziny aktywno\u015bci w Polsce. Fajnie by\u0142oby, \u017ceby by\u0142o coraz wi\u0119cej okazji do strzelania rekreacyjnego w mi\u0142ym towarzystwie przy grillu, opr\u00f3cz sztywnych trening\u00f3w w klubach sportowych.<\/td>\n<\/tr>\n<tr>\n<td><a href=\"https:\/\/www.youtube.com\/channel\/UCRWskElXZvb3q0W5JopPTnQ\"><img decoding=\"async\" loading=\"lazy\" class=\"alignnone size-medium wp-image-91\" src=\"http:\/\/adamczyk.info\/wp-content\/uploads\/2017\/05\/Wojciech-Drewniak-300x250.png\" alt=\"\" width=\"300\" height=\"250\" srcset=\"https:\/\/adamczyk.info\/wp-content\/uploads\/2017\/05\/Wojciech-Drewniak-300x250.png 300w, https:\/\/adamczyk.info\/wp-content\/uploads\/2017\/05\/Wojciech-Drewniak.png 493w\" sizes=\"(max-width: 300px) 100vw, 300px\" \/><\/a><\/td>\n<td style=\"text2-align: left; vertical-align: top;\"><b>Historia bez cenzury<\/b><br \/>\n<em>Wojciech Drewniak<\/em>Robi bardzo ciekawe filmy z historii. Ciekawa forma. Czasem jak dla mnie za du\u017co wulgaryzm\u00f3w i dosadnych dowcip\u00f3w.<\/td>\n<\/tr>\n<tr>\n<td style=\"vertical-align: bottom;\" colspan=\"2\" align=\"center\">\n<h2><b>ROZRYWKA<\/b><\/h2>\n<\/td>\n<\/tr>\n<tr>\n<td><a href=\"https:\/\/www.youtube.com\/channel\/UCkPjHTuNd_ycm__29dXM3Nw\"><img decoding=\"async\" loading=\"lazy\" class=\"alignnone size-medium wp-image-94\" src=\"http:\/\/adamczyk.info\/wp-content\/uploads\/2017\/05\/Jan-Jurkowski-i-Marek-Hucz-300x215.png\" alt=\"\" width=\"300\" height=\"215\" srcset=\"https:\/\/adamczyk.info\/wp-content\/uploads\/2017\/05\/Jan-Jurkowski-i-Marek-Hucz-300x215.png 300w, https:\/\/adamczyk.info\/wp-content\/uploads\/2017\/05\/Jan-Jurkowski-i-Marek-Hucz-768x550.png 768w, https:\/\/adamczyk.info\/wp-content\/uploads\/2017\/05\/Jan-Jurkowski-i-Marek-Hucz.png 948w\" sizes=\"(max-width: 300px) 100vw, 300px\" \/><\/a><\/td>\n<td style=\"text2-align: left; vertical-align: top;\"><b>G.F. Darwin<\/b><br \/>\n<em>Jan Jurkowski<\/em> i <em>Marek Hucz<\/em>Super profesjonalne kr\u00f3tkie filmy komediowe. Seria o Bogu wzbudzi\u0142a kontrowersje. Moim zdaniem nies\u0142usznie. Tym bardziej, \u017ce koledzy nie s\u0105 Katolikami, wi\u0119c ich obraz Boga nie musi by\u0107 wszechobowi\u0105zuj\u0105c\u0105 wyk\u0142adni\u0105 \ud83d\ude09 Humor abstrakcyjny. Jedyny b\u00f3l, \u017ce wymagaj\u0105 du\u017co pracy i wychodz\u0105 tak rzadko.<\/td>\n<\/tr>\n<tr>\n<td><a href=\"https:\/\/www.youtube.com\/channel\/UCY_fyIMTLLOZgmkuUYo6JKw\"><img decoding=\"async\" loading=\"lazy\" class=\"alignnone size-medium wp-image-96\" src=\"http:\/\/adamczyk.info\/wp-content\/uploads\/2017\/05\/Cezary-Pazura-300x237.png\" alt=\"\" width=\"300\" height=\"237\" srcset=\"https:\/\/adamczyk.info\/wp-content\/uploads\/2017\/05\/Cezary-Pazura-300x237.png 300w, https:\/\/adamczyk.info\/wp-content\/uploads\/2017\/05\/Cezary-Pazura-768x607.png 768w, https:\/\/adamczyk.info\/wp-content\/uploads\/2017\/05\/Cezary-Pazura.png 858w\" sizes=\"(max-width: 300px) 100vw, 300px\" \/><\/a><\/td>\n<td style=\"text2-align: left; vertical-align: top;\"><b>Cezary Pazura<\/b><br \/>\n<em>Cezary Pazura<\/em>S\u0142ynny polski aktor i kabareciarz. Prowadzi sw\u00f3j kana\u0142 na youtube. &#8222;Staje na g\u0142owie&#8221;, \u017ceby by\u0107 dowcipnym i zaciekawi\u0107 widza. Wida\u0107 profesjonalny warsztat. Czasem zaprasza innych youtuber\u00f3w. Dzieli si\u0119 te\u017c do\u015bwiadczeniami aktorskimi. Przemyca m\u0142odym ludziom odrobin\u0119 dobrego wychowania i wra\u017cliwo\u015bci.<\/td>\n<\/tr>\n<tr>\n<td><a href=\"https:\/\/www.youtube.com\/channel\/UCXoBDsK4B75au2YTC1aLVpg\"><img decoding=\"async\" loading=\"lazy\" class=\"alignnone size-medium wp-image-98\" src=\"http:\/\/adamczyk.info\/wp-content\/uploads\/2017\/05\/AdBuster-300x232.png\" alt=\"\" width=\"300\" height=\"232\" srcset=\"https:\/\/adamczyk.info\/wp-content\/uploads\/2017\/05\/AdBuster-300x232.png 300w, https:\/\/adamczyk.info\/wp-content\/uploads\/2017\/05\/AdBuster-768x594.png 768w, https:\/\/adamczyk.info\/wp-content\/uploads\/2017\/05\/AdBuster.png 877w\" sizes=\"(max-width: 300px) 100vw, 300px\" \/><\/a><\/td>\n<td style=\"text2-align: left; vertical-align: top;\"><b>AdBuster<\/b><br \/>\n<em>????????<\/em>Drugi z braci bli\u017aniak\u00f3w pozna\u0144skiej sceny youtube. Jego kana\u0142 polega na weryfikacji prawdziwo\u015bci reklam telewizyjnych.<\/td>\n<\/tr>\n<tr>\n<td><a href=\"https:\/\/www.youtube.com\/channel\/UCA7G7bFVZxB5D9DrHKld2Ow\"><img decoding=\"async\" loading=\"lazy\" class=\"alignnone size-medium wp-image-100\" src=\"http:\/\/adamczyk.info\/wp-content\/uploads\/2017\/05\/Borg-300x256.png\" alt=\"\" width=\"300\" height=\"256\" srcset=\"https:\/\/adamczyk.info\/wp-content\/uploads\/2017\/05\/Borg-300x256.png 300w, https:\/\/adamczyk.info\/wp-content\/uploads\/2017\/05\/Borg-768x656.png 768w, https:\/\/adamczyk.info\/wp-content\/uploads\/2017\/05\/Borg.png 792w\" sizes=\"(max-width: 300px) 100vw, 300px\" \/><\/a><\/td>\n<td style=\"text2-align: left; vertical-align: top;\"><b>RetroGralnia<\/b><br \/>\n<em>&#8222;Borg&#8221;<\/em>Kana\u0142 o grach na komputery i konsole 8-bitowe. Nostalgia. Ch\u0142opaki zrobili te\u017c fizyczne muzeum komputer\u00f3w 8-bitowych we Wroc\u0142awiu. By\u0142em i polecam.<\/td>\n<\/tr>\n<\/tbody>\n<\/table>\n","protected":false},"excerpt":{"rendered":"<p>WIARA W BOGA Langusta na palmie o. Adam SzustakDominikanin. Niesamowicie p\u0142odny kaznodzieja youtubowy. Obecnie podr\u00f3\u017cuj\u0105cy dooko\u0142a \u015awiata. O poszukiwaniu Boga. Pogl\u0105dy bardziej kosmopolityczne ni\u017c patriotyczne.&nbsp;W temacie zbawienia optymista. AKS Soli Deo x. Piotr PawlukiewiczPraktyczny przewodnik Katolika. O tym czym jest serce? Tematy mi\u0142o\u015bci ma\u0142\u017ce\u0144skiej. 1000 przyk\u0142ad\u00f3w z \u017cycia. Kazania niedzielne w ko\u015bciele p.w. \u015bw. Anny [&hellip;]<\/p>\n","protected":false},"author":1,"featured_media":0,"parent":153,"menu_order":0,"comment_status":"closed","ping_status":"closed","template":"","meta":[],"aioseo_notices":[],"jetpack_sharing_enabled":true,"_links":{"self":[{"href":"https:\/\/adamczyk.info\/index.php?rest_route=\/wp\/v2\/pages\/38"}],"collection":[{"href":"https:\/\/adamczyk.info\/index.php?rest_route=\/wp\/v2\/pages"}],"about":[{"href":"https:\/\/adamczyk.info\/index.php?rest_route=\/wp\/v2\/types\/page"}],"author":[{"embeddable":true,"href":"https:\/\/adamczyk.info\/index.php?rest_route=\/wp\/v2\/users\/1"}],"replies":[{"embeddable":true,"href":"https:\/\/adamczyk.info\/index.php?rest_route=%2Fwp%2Fv2%2Fcomments&post=38"}],"version-history":[{"count":61,"href":"https:\/\/adamczyk.info\/index.php?rest_route=\/wp\/v2\/pages\/38\/revisions"}],"predecessor-version":[{"id":301,"href":"https:\/\/adamczyk.info\/index.php?rest_route=\/wp\/v2\/pages\/38\/revisions\/301"}],"up":[{"embeddable":true,"href":"https:\/\/adamczyk.info\/index.php?rest_route=\/wp\/v2\/pages\/153"}],"wp:attachment":[{"href":"https:\/\/adamczyk.info\/index.php?rest_route=%2Fwp%2Fv2%2Fmedia&parent=38"}],"curies":[{"name":"wp","href":"https:\/\/api.w.org\/{rel}","templated":true}]}}